{"id":503,"date":"2023-05-05T02:07:21","date_gmt":"2023-05-05T02:07:21","guid":{"rendered":"https:\/\/carbajal.com.mx\/bodas\/?page_id=503"},"modified":"2025-07-15T18:53:12","modified_gmt":"2025-07-15T18:53:12","slug":"contacto","status":"publish","type":"page","link":"https:\/\/rancholassabinas.com\/en\/contacto\/","title":{"rendered":"Contact us"},"content":{"rendered":"<div data-elementor-type=\"wp-page\" data-elementor-id=\"503\" class=\"elementor elementor-503\" data-elementor-post-type=\"page\">\n\t\t\t\t\t\t<header class=\"elementor-section elementor-top-section elementor-element elementor-element-4ace2041 elementor-section-full_width elementor-section-content-middle elementor-section-height-default elementor-section-height-default\" data-id=\"4ace2041\" data-element_type=\"section\" data-e-type=\"section\">\n\t\t\t\t\t\t<div class=\"elementor-container elementor-column-gap-default\">\n\t\t\t\t\t<div class=\"elementor-column elementor-col-33 elementor-top-column elementor-element elementor-element-57917b8d\" data-id=\"57917b8d\" data-element_type=\"column\" data-e-type=\"column\">\n\t\t\t<div class=\"elementor-widget-wrap elementor-element-populated\">\n\t\t\t\t\t\t<div class=\"elementor-element elementor-element-fcddeba elementor-nav-menu--stretch elementor-nav-menu__text-align-center elementor-nav-menu--toggle elementor-nav-menu--burger elementor-widget elementor-widget-nav-menu\" data-id=\"fcddeba\" data-element_type=\"widget\" data-e-type=\"widget\" data-settings=\"{&quot;layout&quot;:&quot;dropdown&quot;,&quot;full_width&quot;:&quot;stretch&quot;,&quot;submenu_icon&quot;:{&quot;value&quot;:&quot;&lt;i class=\\&quot;fas fa-caret-down\\&quot;&gt;&lt;\\\/i&gt;&quot;,&quot;library&quot;:&quot;fa-solid&quot;},&quot;toggle&quot;:&quot;burger&quot;}\" data-widget_type=\"nav-menu.default\">\n\t\t\t\t<div class=\"elementor-widget-container\">\n\t\t\t\t\t\t\t<div class=\"elementor-menu-toggle\" role=\"button\" tabindex=\"0\" aria-label=\"Menu Toggle\" aria-expanded=\"false\">\n\t\t\t<i aria-hidden=\"true\" role=\"presentation\" class=\"elementor-menu-toggle__icon--open eicon-menu-bar\"><\/i><i aria-hidden=\"true\" role=\"presentation\" class=\"elementor-menu-toggle__icon--close eicon-close\"><\/i>\t\t\t<span class=\"elementor-screen-only\">Menu<\/span>\n\t\t<\/div>\n\t\t\t\t\t<nav class=\"elementor-nav-menu--dropdown elementor-nav-menu__container\" aria-hidden=\"true\">\n\t\t\t\t<ul id=\"menu-2-fcddeba\" class=\"elementor-nav-menu\"><li class=\"menu-item menu-item-type-post_type menu-item-object-page menu-item-home menu-item-547\"><a href=\"https:\/\/rancholassabinas.com\/en\/\" class=\"elementor-item\" tabindex=\"-1\">Home<\/a><\/li>\n<li class=\"menu-item menu-item-type-post_type menu-item-object-page menu-item-545\"><a href=\"https:\/\/rancholassabinas.com\/en\/bodas\/\" class=\"elementor-item\" tabindex=\"-1\">Weddings<\/a><\/li>\n<li class=\"menu-item menu-item-type-post_type menu-item-object-page menu-item-546\"><a href=\"https:\/\/rancholassabinas.com\/en\/hospedaje\/\" class=\"elementor-item\" tabindex=\"-1\">Lodging<\/a><\/li>\n<li class=\"menu-item menu-item-type-post_type menu-item-object-page menu-item-544\"><a href=\"https:\/\/rancholassabinas.com\/en\/san-miguel-de-allende\/\" class=\"elementor-item\" tabindex=\"-1\">San Miguel de Allende<\/a><\/li>\n<li class=\"menu-item menu-item-type-post_type menu-item-object-page menu-item-543\"><a href=\"https:\/\/rancholassabinas.com\/en\/contacto\/\" class=\"elementor-item\" tabindex=\"-1\">Contact us<\/a><\/li>\n<\/ul>\t\t\t<\/nav>\n\t\t\t\t\t\t<\/div>\n\t\t\t\t<\/div>\n\t\t\t\t\t<\/div>\n\t\t<\/div>\n\t\t\t\t<div class=\"elementor-column elementor-col-33 elementor-top-column elementor-element elementor-element-1240db56\" data-id=\"1240db56\" data-element_type=\"column\" data-e-type=\"column\">\n\t\t\t<div class=\"elementor-widget-wrap elementor-element-populated\">\n\t\t\t\t\t\t<div class=\"elementor-element elementor-element-1ce1b86 elementor-widget elementor-widget-image\" data-id=\"1ce1b86\" data-element_type=\"widget\" data-e-type=\"widget\" data-widget_type=\"image.default\">\n\t\t\t\t<div class=\"elementor-widget-container\">\n\t\t\t\t\t\t\t\t\t\t\t\t\t\t\t\t<a href=\"https:\/\/carbajal.com.mx\/bodas\/\" target=\"_blank\" rel=\"noopener\">\n\t\t\t\t\t\t\t<img data-recalc-dims=\"1\" decoding=\"async\" src=\"https:\/\/i0.wp.com\/carbajal.com.mx\/bodas\/wp-content\/uploads\/2023\/03\/las-sabinas.png?w=800&#038;ssl=1\" title=\"\" alt=\"\" loading=\"lazy\" \/>\t\t\t\t\t\t\t\t<\/a>\n\t\t\t\t\t\t\t\t\t\t\t\t\t\t\t<\/div>\n\t\t\t\t<\/div>\n\t\t\t\t\t<\/div>\n\t\t<\/div>\n\t\t\t\t<div class=\"elementor-column elementor-col-33 elementor-top-column elementor-element elementor-element-8d998fd\" data-id=\"8d998fd\" data-element_type=\"column\" data-e-type=\"column\">\n\t\t\t<div class=\"elementor-widget-wrap elementor-element-populated\">\n\t\t\t\t\t\t<div class=\"elementor-element elementor-element-5ce2b1b6 elementor-shape-rounded elementor-grid-0 e-grid-align-center elementor-widget elementor-widget-social-icons\" data-id=\"5ce2b1b6\" data-element_type=\"widget\" data-e-type=\"widget\" data-widget_type=\"social-icons.default\">\n\t\t\t\t<div class=\"elementor-widget-container\">\n\t\t\t\t\t\t\t<div class=\"elementor-social-icons-wrapper elementor-grid\" role=\"list\">\n\t\t\t\t\t\t\t<span class=\"elementor-grid-item\" role=\"listitem\">\n\t\t\t\t\t<a class=\"elementor-icon elementor-social-icon elementor-social-icon-facebook elementor-repeater-item-dbeb8b0\" href=\"https:\/\/www.facebook.com\/rancholassabinassma\" target=\"_blank\" rel=\"noopener\">\n\t\t\t\t\t\t<span class=\"elementor-screen-only\">Facebook<\/span>\n\t\t\t\t\t\t<i aria-hidden=\"true\" class=\"fab fa-facebook\"><\/i>\t\t\t\t\t<\/a>\n\t\t\t\t<\/span>\n\t\t\t\t\t\t\t<span class=\"elementor-grid-item\" role=\"listitem\">\n\t\t\t\t\t<a class=\"elementor-icon elementor-social-icon elementor-social-icon-instagram elementor-repeater-item-e6459db\" href=\"http:\/\/instagram.com\/rancholassabinas\" target=\"_blank\" rel=\"noopener\">\n\t\t\t\t\t\t<span class=\"elementor-screen-only\">Instagram<\/span>\n\t\t\t\t\t\t<i aria-hidden=\"true\" class=\"fab fa-instagram\"><\/i>\t\t\t\t\t<\/a>\n\t\t\t\t<\/span>\n\t\t\t\t\t<\/div>\n\t\t\t\t\t\t<\/div>\n\t\t\t\t<\/div>\n\t\t\t\t\t<\/div>\n\t\t<\/div>\n\t\t\t\t\t<\/div>\n\t\t<\/header>\n\t\t\t\t<section class=\"elementor-section elementor-top-section elementor-element elementor-element-3781b6a elementor-section-full_width elementor-section-height-default elementor-section-height-default\" data-id=\"3781b6a\" data-element_type=\"section\" data-e-type=\"section\">\n\t\t\t\t\t\t<div class=\"elementor-container elementor-column-gap-default\">\n\t\t\t\t\t<div class=\"elementor-column elementor-col-100 elementor-top-column elementor-element elementor-element-88718b8\" data-id=\"88718b8\" data-element_type=\"column\" data-e-type=\"column\">\n\t\t\t<div class=\"elementor-widget-wrap elementor-element-populated\">\n\t\t\t\t\t\t<div class=\"elementor-element elementor-element-fde956b elementor-widget elementor-widget-image\" data-id=\"fde956b\" data-element_type=\"widget\" data-e-type=\"widget\" data-widget_type=\"image.default\">\n\t\t\t\t<div class=\"elementor-widget-container\">\n\t\t\t\t\t\t\t\t\t\t\t\t\t\t\t<img data-recalc-dims=\"1\" decoding=\"async\" src=\"https:\/\/i0.wp.com\/carbajal.com.mx\/bodas\/wp-content\/uploads\/2023\/04\/the.png?w=800&#038;ssl=1\" title=\"\" alt=\"\" loading=\"lazy\" \/>\t\t\t\t\t\t\t\t\t\t\t\t\t\t\t<\/div>\n\t\t\t\t<\/div>\n\t\t\t\t\t<\/div>\n\t\t<\/div>\n\t\t\t\t\t<\/div>\n\t\t<\/section>\n\t\t\t\t<section class=\"elementor-section elementor-top-section elementor-element elementor-element-1b63200 elementor-section-boxed elementor-section-height-default elementor-section-height-default\" data-id=\"1b63200\" data-element_type=\"section\" data-e-type=\"section\">\n\t\t\t\t\t\t<div class=\"elementor-container elementor-column-gap-default\">\n\t\t\t\t\t<div class=\"elementor-column elementor-col-100 elementor-top-column elementor-element elementor-element-61bb7ef\" data-id=\"61bb7ef\" data-element_type=\"column\" data-e-type=\"column\">\n\t\t\t<div class=\"elementor-widget-wrap elementor-element-populated\">\n\t\t\t\t\t\t<div class=\"elementor-element elementor-element-f575df3 elementor-widget elementor-widget-spacer\" data-id=\"f575df3\" data-element_type=\"widget\" data-e-type=\"widget\" data-widget_type=\"spacer.default\">\n\t\t\t\t<div class=\"elementor-widget-container\">\n\t\t\t\t\t\t\t<div class=\"elementor-spacer\">\n\t\t\t<div class=\"elementor-spacer-inner\"><\/div>\n\t\t<\/div>\n\t\t\t\t\t\t<\/div>\n\t\t\t\t<\/div>\n\t\t\t\t<div class=\"elementor-element elementor-element-ee06772 elementor-headline--style-highlight elementor-widget elementor-widget-animated-headline\" data-id=\"ee06772\" data-element_type=\"widget\" data-e-type=\"widget\" data-settings=\"{&quot;marker&quot;:&quot;underline&quot;,&quot;highlighted_text&quot;:&quot;Las Sabinas&quot;,&quot;headline_style&quot;:&quot;highlight&quot;,&quot;loop&quot;:&quot;yes&quot;,&quot;highlight_animation_duration&quot;:1200,&quot;highlight_iteration_delay&quot;:8000}\" data-widget_type=\"animated-headline.default\">\n\t\t\t\t<div class=\"elementor-widget-container\">\n\t\t\t\t\t\t\t<h3 class=\"elementor-headline\">\n\t\t\t\t\t<span class=\"elementor-headline-plain-text elementor-headline-text-wrapper\">Rancho<\/span>\n\t\t\t\t<span class=\"elementor-headline-dynamic-wrapper elementor-headline-text-wrapper\">\n\t\t\t\t\t<span class=\"elementor-headline-dynamic-text elementor-headline-text-active\">Las Sabinas<\/span>\n\t\t\t\t<\/span>\n\t\t\t\t<\/h3>\n\t\t\t\t\t\t<\/div>\n\t\t\t\t<\/div>\n\t\t\t\t<div class=\"elementor-element elementor-element-a7ac3d9 elementor-widget elementor-widget-text-editor\" data-id=\"a7ac3d9\" data-element_type=\"widget\" data-e-type=\"widget\" data-widget_type=\"text-editor.default\">\n\t\t\t\t<div class=\"elementor-widget-container\">\n\t\t\t\t\t\t\t\t\t<p>\u00a1Nos encantar\u00eda ser parte de tu gran d\u00eda! Si est\u00e1s interesado en tener un evento inolvidable en San Miguel de Allende, no dudes en ponerte en contacto con nosotros <span style=\"color: var( --e-global-color-text ); font-family: var( --e-global-typography-text-font-family ), Sans-serif; font-size: 1rem; font-weight: var( --e-global-typography-text-font-weight );\">para programar una consulta inicial y discutir tus ideas para tu evento en San Miguel de Allende.<\/span><\/p>\n<p>Estamos disponibles para responder cualquier pregunta que puedas tener y proporcionarte informaci\u00f3n sobre nuestros espacios.&nbsp;<\/p>\n<p>\u00a1Cont\u00e1ctanos para mas informaci\u00f3n y para agendar tu visita, d\u00e9jate cautivar por nuestras hermosas instalaciones!<\/p>\t\t\t\t\t\t\t\t<\/div>\n\t\t\t\t<\/div>\n\t\t\t\t<div class=\"elementor-element elementor-element-896690e elementor-widget elementor-widget-shortcode\" data-id=\"896690e\" data-element_type=\"widget\" data-e-type=\"widget\" data-widget_type=\"shortcode.default\">\n\t\t\t\t<div class=\"elementor-widget-container\">\n\t\t\t\t\t\t\t<div class=\"elementor-shortcode\"><style>\n    .ff_conv_app_5 { background-color: #FFFFFF; }.ff_conv_app_5 .ffc-counter-div span { color: #0445AF; }.ff_conv_app_5 .ffc-counter-div .counter-icon-span svg { fill: #0445AF !important; }.ff_conv_app_5 .f-label-wrap, .ff_conv_app_5 .f-answer { color: #0445AF !important; }.ff_conv_app_5 .f-label-wrap .f-key { border-color: #0445AF !important; }.ff_conv_app_5 .f-label-wrap .f-key-hint { border-color: #0445AF !important; }.ff_conv_app_5 .f-answer .f-radios-wrap ul li { background-color: rgba(4,69,175, 0.1) !important; border: 1px solid #0445AF; }.ff_conv_app_5 .f-answer .f-radios-wrap ul li:focus { background-color: rgba(4,69,175, 0.3) !important }.ff_conv_app_5 .f-answer .f-radios-wrap ul li:hover { background-color: rgba(4,69,175, 0.3) !important }.ff_conv_app_5 .f-answer .f-radios-wrap ul li.f-selected .f-key { background-color: #0445AF !important; color: white; }.ff_conv_app_5 .f-answer .f-radios-wrap ul li.f-selected .f-key-hint { background-color: #0445AF; }.ff_conv_app_5 .f-answer .f-radios-wrap ul li.f-selected svg { fill: #0445AF !important; }.ff_conv_app_5 .f-answer input, .ff_conv_app_5 .f-answer textarea{ color: #0445AF !important; box-shadow: #0445AF  0px 1px; }.ff_conv_app_5 .f-answer input:focus, .ff_conv_app_5 .f-answer textarea:focus { box-shadow: #0445AF  0px 2px !important; }.ff_conv_app_5 .f-answer textarea::placeholder, .ff_conv_app_5 .f-answer input::placeholder { color: #0445AF !important; }.ff_conv_app_5 .text-success { color: #0445AF !important; }.ff_conv_app_5 .f-answer .f-matrix-table tbody td { background-color: rgba(4,69,175, 0.1); }.ff_conv_app_5 .f-answer .f-matrix-table input { border-color: rgba(4,69,175, 0.8); }.ff_conv_app_5 .f-answer .f-matrix-table input.f-radio-control:checked::after { background-color: #0445AF; }.ff_conv_app_5 .f-answer .f-matrix-table input:focus::before { border-color: #0445AF; }.ff_conv_app_5 .f-answer .f-matrix-table input.f-checkbox-control:checked { background-color: #0445AF; }.ff_conv_app_5 .f-answer .f-matrix-table tbody tr::after { border-right-color: #0445AF; }.ff_conv_app_5 .f-answer .f-matrix-table .f-table-cell.f-row-cell { box-shadow: rgba(4,69,175, 0.1) 0px 0px 0px 100vh inset; }.ff_conv_app_5 .f-answer .ff_file_upload_field_wrap { background-color: rgba(4,69,175, 0.1); border-color: rgba(4,69,175, 0.8); }.ff_conv_app_5 .f-answer .ff_file_upload_field_wrap:hover { background-color: rgba(4,69,175, 0.3);}.ff_conv_app_5 .f-answer .ff_file_upload_field_wrap:focus-within { background-color: rgba(4,69,175, 0.3); }.ff_conv_app_5 .f-answer .ff-upload-preview { border-color: rgba(4,69,175, 0.8); }.ff_conv_app_5 .f-answer .ff-upload-preview .ff-upload-thumb { background-color: rgba(4,69,175, 0.3); }.ff_conv_app_5 .f-answer .ff-upload-preview .ff-upload-details { border-left-color: rgba(4,69,175, 0.8); }.ff_conv_app_5 .f-answer .ff-upload-preview .ff-upload-details .ff-el-progress { border-left-color: rgba(4,69,175, 0.8); }.ff_conv_app_5 .f-answer .ff-upload-preview .ff-upload-details .ff-el-progress { background-color: rgba(4,69,175, 0.1); }.ff_conv_app_5 .f-answer .ff-upload-preview .ff-upload-details .ff-el-progress .ff-el-progress-bar { background-color: #0445AF; }.ff_conv_app_5 .f-answer .f-star-wrap .f-star-field-wrap::before { background-color: #0445AF; }.ff_conv_app_5 .f-answer .f-star-wrap .f-star-field-wrap .f-star-field .f-star-field-star .symbolOutline { fill: #0445AF; }.ff_conv_app_5 .f-answer .f-star-wrap .f-star-field-wrap .f-star-field .f-star-field-rating { color: #0445AF; }.ff_conv_app_5 .f-answer .f-star-wrap .f-star-field-wrap.is-hovered .symbolFill { fill: rgba(4,69,175, 0.1); }.ff_conv_app_5 .f-answer .f-star-wrap .f-star-field-wrap.is-selected .symbolFill { fill: #0445AF; }.ff_conv_app_5 .f-answer .f-payment-summary-wrap tbody td { background-color: rgba(4,69,175, 0.1); }.ff_conv_app_5 .f-answer .f-payment-summary-wrap tfoot th { background-color: rgba(4,69,175, 0.1); }.ff_conv_app_5 .f-answer .stripe-inline-holder { border-bottom: 1px solid #0445AF; }.ff_conv_app_5 .f-answer .StripeElement--focus { border-bottom: 2.5px solid #0445AF; }.ff_conv_app_5 .ff_conv_input .f-info { color: #0445AF; }.ff_conv_app_5 .f-answer .el-slider__runway {background-color: #0445AF;}.ff_conv_app_5 .fh2 .f-text { color: #191919; }.ff_conv_app_5 .fh2 .f-tagline, .ff_conv_app_5 .f-sub .f-help { color: rgba(25,25,25, 0.70); }.ff_conv_app_5 .fh2 .stripe-inline-header { color: #191919; }.ff_conv_app_5 .q-inner .o-btn-action, .ff_conv_app_5 .footer-inner-wrap .f-nav { background-color: #0445AF; }.ff_conv_app_5 .q-inner .o-btn-action span, .ff_conv_app_5 .footer-inner-wrap .f-nav a { color: #FFFFFF; } .ff_conv_app_5 .f-enter .f-enter-desc { color: #0445AF; }.ff_conv_app_5 .footer-inner-wrap .f-nav a svg { fill: #FFFFFF; }.ff_conv_app_5 .vff-footer .f-progress-bar { background-color: rgba(4,69,175, 0.3); }.ff_conv_app_5 .vff-footer .f-progress-bar-inner { background-color: #0445AF; }.ff_conv_app_5 .q-inner .o-btn-action:hover { background-color: #0445AFD6; }.ff_conv_app_5 .q-inner .o-btn-action:focus::after { border-radius: 6px; inset: -3px; box-shadow: #0445AF 0px 0px 0px 2px; }.ff_conv_app_5 .f-answer .f-radios-wrap ul li.f-selected .f-key { color: #FFFFFF; }.ff_conv_app_5 .footer-inner-wrap .f-nav a.ffc_power { display: none !important; } .ff-btn-submit { background-color: #1a7efb; color: #ffffff; }<\/style>\n<div class=\"ffc_conv_wrapper ffc_inline_form\">\n    <div class=\"frm-fluent-form ff_conv_app fluent_form_5 ff_conv_app_frame ff_conv_app_5 ffc_media_hide_mob_no\" data-form_id=\"5\">\n        <div data-var_name=\"fluent_forms_global_var_1\" class=\"ffc_conv_form\" style=\"width: 100%\" id=\"ffc_app_instance_1\"><\/div>\n    <\/div>\n<\/div><\/div>\n\t\t\t\t\t\t<\/div>\n\t\t\t\t<\/div>\n\t\t\t\t\t<\/div>\n\t\t<\/div>\n\t\t\t\t\t<\/div>\n\t\t<\/section>\n\t\t\t\t<section class=\"elementor-section elementor-top-section elementor-element elementor-element-f9b09da elementor-section-full_width elementor-section-height-default elementor-section-height-default\" data-id=\"f9b09da\" data-element_type=\"section\" data-e-type=\"section\">\n\t\t\t\t\t\t<div class=\"elementor-container elementor-column-gap-default\">\n\t\t\t\t\t<div class=\"elementor-column elementor-col-100 elementor-top-column elementor-element elementor-element-ce3c3dc\" data-id=\"ce3c3dc\" data-element_type=\"column\" data-e-type=\"column\">\n\t\t\t<div class=\"elementor-widget-wrap elementor-element-populated\">\n\t\t\t\t\t\t<div class=\"elementor-element elementor-element-f121851 elementor-widget elementor-widget-google_maps\" data-id=\"f121851\" data-element_type=\"widget\" data-e-type=\"widget\" data-widget_type=\"google_maps.default\">\n\t\t\t\t<div class=\"elementor-widget-container\">\n\t\t\t\t\t\t\t<div class=\"elementor-custom-embed\">\n\t\t\t<iframe loading=\"lazy\"\n\t\t\t\t\tsrc=\"https:\/\/maps.google.com\/maps?q=Rancho%20Las%20Sabinas%20San%20Miguel%20de%20Allende&#038;t=m&#038;z=10&#038;output=embed&#038;iwloc=near\"\n\t\t\t\t\ttitle=\"Rancho Las Sabinas San Miguel de Allende\"\n\t\t\t\t\taria-label=\"Rancho Las Sabinas San Miguel de Allende\"\n\t\t\t><\/iframe>\n\t\t<\/div>\n\t\t\t\t\t\t<\/div>\n\t\t\t\t<\/div>\n\t\t\t\t\t<\/div>\n\t\t<\/div>\n\t\t\t\t\t<\/div>\n\t\t<\/section>\n\t\t\t\t<footer class=\"elementor-section elementor-top-section elementor-element elementor-element-42d96d09 elementor-section-height-min-height elementor-section-content-middle elementor-section-boxed elementor-section-height-default elementor-section-items-middle\" data-id=\"42d96d09\" data-element_type=\"section\" data-e-type=\"section\">\n\t\t\t\t\t\t<div class=\"elementor-container elementor-column-gap-default\">\n\t\t\t\t\t<div class=\"elementor-column elementor-col-50 elementor-top-column elementor-element elementor-element-79485e92\" data-id=\"79485e92\" data-element_type=\"column\" data-e-type=\"column\">\n\t\t\t<div class=\"elementor-widget-wrap elementor-element-populated\">\n\t\t\t\t\t\t<div class=\"elementor-element elementor-element-719184f0 elementor-widget elementor-widget-heading\" data-id=\"719184f0\" data-element_type=\"widget\" data-e-type=\"widget\" data-widget_type=\"heading.default\">\n\t\t\t\t<div class=\"elementor-widget-container\">\n\t\t\t\t\t<p class=\"elementor-heading-title elementor-size-default\">Rancho Las Sabinas<\/p>\t\t\t\t<\/div>\n\t\t\t\t<\/div>\n\t\t\t\t\t<\/div>\n\t\t<\/div>\n\t\t\t\t<div class=\"elementor-column elementor-col-50 elementor-top-column elementor-element elementor-element-52935e94\" data-id=\"52935e94\" data-element_type=\"column\" data-e-type=\"column\">\n\t\t\t<div class=\"elementor-widget-wrap elementor-element-populated\">\n\t\t\t\t\t\t<div class=\"elementor-element elementor-element-627957ff e-grid-align-right e-grid-align-mobile-center elementor-shape-rounded elementor-grid-0 elementor-widget elementor-widget-social-icons\" data-id=\"627957ff\" data-element_type=\"widget\" data-e-type=\"widget\" data-widget_type=\"social-icons.default\">\n\t\t\t\t<div class=\"elementor-widget-container\">\n\t\t\t\t\t\t\t<div class=\"elementor-social-icons-wrapper elementor-grid\" role=\"list\">\n\t\t\t\t\t\t\t<span class=\"elementor-grid-item\" role=\"listitem\">\n\t\t\t\t\t<a class=\"elementor-icon elementor-social-icon elementor-social-icon-facebook-f elementor-repeater-item-993ef04\" href=\"https:\/\/www.facebook.com\/rancholassabinassma\" target=\"_blank\" rel=\"noopener\">\n\t\t\t\t\t\t<span class=\"elementor-screen-only\">Facebook-f<\/span>\n\t\t\t\t\t\t<i aria-hidden=\"true\" class=\"fab fa-facebook-f\"><\/i>\t\t\t\t\t<\/a>\n\t\t\t\t<\/span>\n\t\t\t\t\t\t\t<span class=\"elementor-grid-item\" role=\"listitem\">\n\t\t\t\t\t<a class=\"elementor-icon elementor-social-icon elementor-social-icon-instagram elementor-repeater-item-a229ff5\" href=\"http:\/\/instagram.com\/rancholassabinas\" target=\"_blank\" rel=\"noopener\">\n\t\t\t\t\t\t<span class=\"elementor-screen-only\">Instagram<\/span>\n\t\t\t\t\t\t<i aria-hidden=\"true\" class=\"fab fa-instagram\"><\/i>\t\t\t\t\t<\/a>\n\t\t\t\t<\/span>\n\t\t\t\t\t<\/div>\n\t\t\t\t\t\t<\/div>\n\t\t\t\t<\/div>\n\t\t\t\t\t<\/div>\n\t\t<\/div>\n\t\t\t\t\t<\/div>\n\t\t<\/footer>\n\t\t\t\t<\/div>","protected":false},"excerpt":{"rendered":"<p>Facebook Instagram Rancho Las Sabinas \u00a1Nos encantar\u00eda ser parte de tu gran d\u00eda! Si est\u00e1s interesado en tener un evento inolvidable en San Miguel de Allende, no dudes en ponerte en contacto con nosotros para programar una consulta inicial y discutir tus ideas para tu evento en San Miguel de Allende. Estamos disponibles para responder [&hellip;]<\/p>\n","protected":false},"author":2,"featured_media":0,"parent":0,"menu_order":0,"comment_status":"closed","ping_status":"closed","template":"elementor_canvas","meta":{"footnotes":""},"class_list":["post-503","page","type-page","status-publish","hentry"],"jetpack_sharing_enabled":true,"_links":{"self":[{"href":"https:\/\/rancholassabinas.com\/en\/wp-json\/wp\/v2\/pages\/503","targetHints":{"allow":["GET"]}}],"collection":[{"href":"https:\/\/rancholassabinas.com\/en\/wp-json\/wp\/v2\/pages"}],"about":[{"href":"https:\/\/rancholassabinas.com\/en\/wp-json\/wp\/v2\/types\/page"}],"author":[{"embeddable":true,"href":"https:\/\/rancholassabinas.com\/en\/wp-json\/wp\/v2\/users\/2"}],"replies":[{"embeddable":true,"href":"https:\/\/rancholassabinas.com\/en\/wp-json\/wp\/v2\/comments?post=503"}],"version-history":[{"count":20,"href":"https:\/\/rancholassabinas.com\/en\/wp-json\/wp\/v2\/pages\/503\/revisions"}],"predecessor-version":[{"id":854,"href":"https:\/\/rancholassabinas.com\/en\/wp-json\/wp\/v2\/pages\/503\/revisions\/854"}],"wp:attachment":[{"href":"https:\/\/rancholassabinas.com\/en\/wp-json\/wp\/v2\/media?parent=503"}],"curies":[{"name":"wp","href":"https:\/\/api.w.org\/{rel}","templated":true}]}}